{"id":331,"date":"2023-10-13T15:23:43","date_gmt":"2023-10-13T12:23:43","guid":{"rendered":"https:\/\/pahkinalehdonhoivakoti.fi\/om-oss\/"},"modified":"2023-11-16T19:58:56","modified_gmt":"2023-11-16T17:58:56","slug":"om-oss","status":"publish","type":"page","link":"https:\/\/pahkinalehdonhoivakoti.fi\/sv\/om-oss\/","title":{"rendered":"Om oss"},"content":{"rendered":"\n<section class=\"inner-header-hero \">\n\t<div class=\"inner-hero wrap\">\n\t\t<img decoding=\"async\" src=\"https:\/\/pahkinalehdonhoivakoti.fi\/wp-content\/uploads\/bg_site_inner_1.jpg\">\n\t\t\t<div class=\"inner-caption\">\n\t\t\t\t<div class=\"mobile-wrapper\">\n\t\t\t\t\t<h1>Om oss<\/h1>\n\t\t\t\t\t<p>Individuell service<\/p>\n\t\t\t\t<\/div>\n\t\t\t<\/div>\n\t<\/div>\n<\/section>\n\n\n<div class=\"wp-block-group wrap\"><div class=\"wp-block-group__inner-container is-layout-constrained wp-block-group-is-layout-constrained\">\n<p>Hassellunds V\u00e5rdhem \u00e4r ett h\u00e4ngivet familjef\u00f6retag bel\u00e4get i S\u00f6derkulla. Vi ansvarar f\u00f6r v\u00e5r verksamhet och framf\u00f6r allt f\u00f6r v\u00e4lbefinnandet hos v\u00e5r personal och v\u00e5ra inv\u00e5nare. Det viktigaste f\u00f6r oss \u00e4r dagliga m\u00f6ten och interaktion. N\u00e4rvaro kr\u00e4ver engagemang och deltagande i varje situation.<\/p>\n\n\n\n<div style=\"height:20px\" aria-hidden=\"true\" class=\"wp-block-spacer\"><\/div>\n\n\n\n<figure class=\"wp-block-image size-large\"><img loading=\"lazy\" decoding=\"async\" width=\"1024\" height=\"307\" src=\"https:\/\/pahkinalehdonhoivakoti.fi\/wp-content\/uploads\/pic_about-1024x307.jpg\" alt=\"\" class=\"wp-image-607\" srcset=\"https:\/\/pahkinalehdonhoivakoti.fi\/wp-content\/uploads\/pic_about-1024x307.jpg 1024w, https:\/\/pahkinalehdonhoivakoti.fi\/wp-content\/uploads\/pic_about-300x90.jpg 300w, https:\/\/pahkinalehdonhoivakoti.fi\/wp-content\/uploads\/pic_about-768x230.jpg 768w, https:\/\/pahkinalehdonhoivakoti.fi\/wp-content\/uploads\/pic_about-1536x461.jpg 1536w, https:\/\/pahkinalehdonhoivakoti.fi\/wp-content\/uploads\/pic_about.jpg 1600w\" sizes=\"auto, (max-width: 1024px) 100vw, 1024px\" \/><\/figure>\n\n\n\n<h2 class=\"wp-block-heading\">V\u00e4rderingar<\/h2>\n\n\n\n<p>M\u00f6ten med m\u00e4nniskor \u00e4r v\u00e5r hj\u00e4rtesak. Vi str\u00e4var efter att se till att varje tanke och varje inv\u00e5nare f\u00e5r den uppm\u00e4rksamhet de f\u00f6rtj\u00e4nar och vi \u00e4r redo att engagera oss i varje situation. V\u00e5r n\u00e4rvaro uttrycks genom personlig lyh\u00f6rdhet och f\u00f6rm\u00e5gan att vara kreativa. V\u00e5rt m\u00e5l \u00e4r att varje inv\u00e5nare ska k\u00e4nna sig viktig och uppskattad.<\/p>\n\n\n\n<p>V\u00e5r drivkraft \u00e4r en stark vilja att ge varje inv\u00e5nare tid p\u00e5 ett individuellt och lugnt s\u00e4tt.<\/p>\n<\/div><\/div>\n","protected":false},"excerpt":{"rendered":"<p>Hassellunds V\u00e5rdhem \u00e4r ett h\u00e4ngivet familjef\u00f6retag bel\u00e4get i S\u00f6derkulla. Vi ansvarar f\u00f6r v\u00e5r verksamhet och framf\u00f6r allt f\u00f6r v\u00e4lbefinnandet hos v\u00e5r personal och v\u00e5ra inv\u00e5nare. Det viktigaste f\u00f6r oss \u00e4r dagliga m\u00f6ten och interaktion. N\u00e4rvaro kr\u00e4ver engagemang och deltagande i varje situation. V\u00e4rderingar M\u00f6ten med m\u00e4nniskor \u00e4r v\u00e5r hj\u00e4rtesak. Vi str\u00e4var efter att se till [&hellip;]<\/p>\n","protected":false},"author":1,"featured_media":0,"parent":0,"menu_order":0,"comment_status":"closed","ping_status":"closed","template":"","meta":{"_acf_changed":false,"_genesis_hide_title":true,"_genesis_hide_breadcrumbs":false,"_genesis_hide_singular_image":false,"_genesis_hide_footer_widgets":false,"_genesis_custom_body_class":"","_genesis_custom_post_class":"","_genesis_layout":"","footnotes":""},"class_list":{"0":"post-331","1":"page","2":"type-page","3":"status-publish","5":"entry"},"acf":[],"yoast_head":"<!-- This site is optimized with the Yoast SEO plugin v27.4 - https:\/\/yoast.com\/product\/yoast-seo-wordpress\/ -->\n<title>Om oss &#8211; Hassellunds V\u00e5rdhem<\/title>\n<meta name=\"description\" content=\"Hassellunds V\u00e5rdhem \u00e4r ett h\u00e4ngivet familjef\u00f6retag bel\u00e4get i S\u00f6derkulla. Tid p\u00e5 varje inv\u00e5nare ett individuellt och lugnt s\u00e4tt.\" \/>\n<meta name=\"robots\" content=\"index, follow, max-snippet:-1, max-image-preview:large, max-video-preview:-1\" \/>\n<link rel=\"canonical\" href=\"https:\/\/pahkinalehdonhoivakoti.fi\/sv\/om-oss\/\" \/>\n<meta property=\"og:locale\" content=\"sv_SE\" \/>\n<meta property=\"og:type\" content=\"article\" \/>\n<meta property=\"og:title\" content=\"Om oss &#8211; Hassellunds V\u00e5rdhem\" \/>\n<meta property=\"og:description\" content=\"Hassellunds V\u00e5rdhem \u00e4r ett h\u00e4ngivet familjef\u00f6retag bel\u00e4get i S\u00f6derkulla. Tid p\u00e5 varje inv\u00e5nare ett individuellt och lugnt s\u00e4tt.\" \/>\n<meta property=\"og:url\" content=\"https:\/\/pahkinalehdonhoivakoti.fi\/sv\/om-oss\/\" \/>\n<meta property=\"og:site_name\" content=\"P&auml;hkin&auml;lehdon Hoivakoti\" \/>\n<meta property=\"article:modified_time\" content=\"2023-11-16T17:58:56+00:00\" \/>\n<meta property=\"og:image\" content=\"https:\/\/pahkinalehdonhoivakoti.fi\/wp-content\/uploads\/pic_about-1024x307.jpg\" \/>\n<meta name=\"twitter:card\" content=\"summary_large_image\" \/>\n<script type=\"application\/ld+json\" class=\"yoast-schema-graph\">{\"@context\":\"https:\\\/\\\/schema.org\",\"@graph\":[{\"@type\":\"WebPage\",\"@id\":\"https:\\\/\\\/pahkinalehdonhoivakoti.fi\\\/sv\\\/om-oss\\\/\",\"url\":\"https:\\\/\\\/pahkinalehdonhoivakoti.fi\\\/sv\\\/om-oss\\\/\",\"name\":\"Om oss &#8211; Hassellunds V\u00e5rdhem\",\"isPartOf\":{\"@id\":\"https:\\\/\\\/pahkinalehdonhoivakoti.fi\\\/sv\\\/#website\"},\"primaryImageOfPage\":{\"@id\":\"https:\\\/\\\/pahkinalehdonhoivakoti.fi\\\/sv\\\/om-oss\\\/#primaryimage\"},\"image\":{\"@id\":\"https:\\\/\\\/pahkinalehdonhoivakoti.fi\\\/sv\\\/om-oss\\\/#primaryimage\"},\"thumbnailUrl\":\"https:\\\/\\\/pahkinalehdonhoivakoti.fi\\\/wp-content\\\/uploads\\\/pic_about-1024x307.jpg\",\"datePublished\":\"2023-10-13T12:23:43+00:00\",\"dateModified\":\"2023-11-16T17:58:56+00:00\",\"description\":\"Hassellunds V\u00e5rdhem \u00e4r ett h\u00e4ngivet familjef\u00f6retag bel\u00e4get i S\u00f6derkulla. Tid p\u00e5 varje inv\u00e5nare ett individuellt och lugnt s\u00e4tt.\",\"breadcrumb\":{\"@id\":\"https:\\\/\\\/pahkinalehdonhoivakoti.fi\\\/sv\\\/om-oss\\\/#breadcrumb\"},\"inLanguage\":\"sv-SE\",\"potentialAction\":[{\"@type\":\"ReadAction\",\"target\":[\"https:\\\/\\\/pahkinalehdonhoivakoti.fi\\\/sv\\\/om-oss\\\/\"]}]},{\"@type\":\"ImageObject\",\"inLanguage\":\"sv-SE\",\"@id\":\"https:\\\/\\\/pahkinalehdonhoivakoti.fi\\\/sv\\\/om-oss\\\/#primaryimage\",\"url\":\"https:\\\/\\\/pahkinalehdonhoivakoti.fi\\\/wp-content\\\/uploads\\\/pic_about-1024x307.jpg\",\"contentUrl\":\"https:\\\/\\\/pahkinalehdonhoivakoti.fi\\\/wp-content\\\/uploads\\\/pic_about-1024x307.jpg\"},{\"@type\":\"BreadcrumbList\",\"@id\":\"https:\\\/\\\/pahkinalehdonhoivakoti.fi\\\/sv\\\/om-oss\\\/#breadcrumb\",\"itemListElement\":[{\"@type\":\"ListItem\",\"position\":1,\"name\":\"Etusivu\",\"item\":\"https:\\\/\\\/pahkinalehdonhoivakoti.fi\\\/sv\\\/\"},{\"@type\":\"ListItem\",\"position\":2,\"name\":\"Om oss\"}]},{\"@type\":\"WebSite\",\"@id\":\"https:\\\/\\\/pahkinalehdonhoivakoti.fi\\\/sv\\\/#website\",\"url\":\"https:\\\/\\\/pahkinalehdonhoivakoti.fi\\\/sv\\\/\",\"name\":\"P&auml;hkin&auml;lehdon Hoivakoti\",\"description\":\"\",\"publisher\":{\"@id\":\"https:\\\/\\\/pahkinalehdonhoivakoti.fi\\\/sv\\\/#organization\"},\"potentialAction\":[{\"@type\":\"SearchAction\",\"target\":{\"@type\":\"EntryPoint\",\"urlTemplate\":\"https:\\\/\\\/pahkinalehdonhoivakoti.fi\\\/sv\\\/?s={search_term_string}\"},\"query-input\":{\"@type\":\"PropertyValueSpecification\",\"valueRequired\":true,\"valueName\":\"search_term_string\"}}],\"inLanguage\":\"sv-SE\"},{\"@type\":\"Organization\",\"@id\":\"https:\\\/\\\/pahkinalehdonhoivakoti.fi\\\/sv\\\/#organization\",\"name\":\"P&auml;hkin&auml;lehdon Hoivakoti\",\"url\":\"https:\\\/\\\/pahkinalehdonhoivakoti.fi\\\/sv\\\/\",\"logo\":{\"@type\":\"ImageObject\",\"inLanguage\":\"sv-SE\",\"@id\":\"https:\\\/\\\/pahkinalehdonhoivakoti.fi\\\/sv\\\/#\\\/schema\\\/logo\\\/image\\\/\",\"url\":\"https:\\\/\\\/pahkinalehdonhoivakoti.fi\\\/wp-content\\\/uploads\\\/logo.png\",\"contentUrl\":\"https:\\\/\\\/pahkinalehdonhoivakoti.fi\\\/wp-content\\\/uploads\\\/logo.png\",\"width\":600,\"height\":364,\"caption\":\"P&auml;hkin&auml;lehdon Hoivakoti\"},\"image\":{\"@id\":\"https:\\\/\\\/pahkinalehdonhoivakoti.fi\\\/sv\\\/#\\\/schema\\\/logo\\\/image\\\/\"}}]}<\/script>\n<!-- \/ Yoast SEO plugin. -->","yoast_head_json":{"title":"Om oss &#8211; Hassellunds V\u00e5rdhem","description":"Hassellunds V\u00e5rdhem \u00e4r ett h\u00e4ngivet familjef\u00f6retag bel\u00e4get i S\u00f6derkulla. Tid p\u00e5 varje inv\u00e5nare ett individuellt och lugnt s\u00e4tt.","robots":{"index":"index","follow":"follow","max-snippet":"max-snippet:-1","max-image-preview":"max-image-preview:large","max-video-preview":"max-video-preview:-1"},"canonical":"https:\/\/pahkinalehdonhoivakoti.fi\/sv\/om-oss\/","og_locale":"sv_SE","og_type":"article","og_title":"Om oss &#8211; Hassellunds V\u00e5rdhem","og_description":"Hassellunds V\u00e5rdhem \u00e4r ett h\u00e4ngivet familjef\u00f6retag bel\u00e4get i S\u00f6derkulla. Tid p\u00e5 varje inv\u00e5nare ett individuellt och lugnt s\u00e4tt.","og_url":"https:\/\/pahkinalehdonhoivakoti.fi\/sv\/om-oss\/","og_site_name":"P&auml;hkin&auml;lehdon Hoivakoti","article_modified_time":"2023-11-16T17:58:56+00:00","og_image":[{"url":"https:\/\/pahkinalehdonhoivakoti.fi\/wp-content\/uploads\/pic_about-1024x307.jpg","type":"","width":"","height":""}],"twitter_card":"summary_large_image","schema":{"@context":"https:\/\/schema.org","@graph":[{"@type":"WebPage","@id":"https:\/\/pahkinalehdonhoivakoti.fi\/sv\/om-oss\/","url":"https:\/\/pahkinalehdonhoivakoti.fi\/sv\/om-oss\/","name":"Om oss &#8211; Hassellunds V\u00e5rdhem","isPartOf":{"@id":"https:\/\/pahkinalehdonhoivakoti.fi\/sv\/#website"},"primaryImageOfPage":{"@id":"https:\/\/pahkinalehdonhoivakoti.fi\/sv\/om-oss\/#primaryimage"},"image":{"@id":"https:\/\/pahkinalehdonhoivakoti.fi\/sv\/om-oss\/#primaryimage"},"thumbnailUrl":"https:\/\/pahkinalehdonhoivakoti.fi\/wp-content\/uploads\/pic_about-1024x307.jpg","datePublished":"2023-10-13T12:23:43+00:00","dateModified":"2023-11-16T17:58:56+00:00","description":"Hassellunds V\u00e5rdhem \u00e4r ett h\u00e4ngivet familjef\u00f6retag bel\u00e4get i S\u00f6derkulla. Tid p\u00e5 varje inv\u00e5nare ett individuellt och lugnt s\u00e4tt.","breadcrumb":{"@id":"https:\/\/pahkinalehdonhoivakoti.fi\/sv\/om-oss\/#breadcrumb"},"inLanguage":"sv-SE","potentialAction":[{"@type":"ReadAction","target":["https:\/\/pahkinalehdonhoivakoti.fi\/sv\/om-oss\/"]}]},{"@type":"ImageObject","inLanguage":"sv-SE","@id":"https:\/\/pahkinalehdonhoivakoti.fi\/sv\/om-oss\/#primaryimage","url":"https:\/\/pahkinalehdonhoivakoti.fi\/wp-content\/uploads\/pic_about-1024x307.jpg","contentUrl":"https:\/\/pahkinalehdonhoivakoti.fi\/wp-content\/uploads\/pic_about-1024x307.jpg"},{"@type":"BreadcrumbList","@id":"https:\/\/pahkinalehdonhoivakoti.fi\/sv\/om-oss\/#breadcrumb","itemListElement":[{"@type":"ListItem","position":1,"name":"Etusivu","item":"https:\/\/pahkinalehdonhoivakoti.fi\/sv\/"},{"@type":"ListItem","position":2,"name":"Om oss"}]},{"@type":"WebSite","@id":"https:\/\/pahkinalehdonhoivakoti.fi\/sv\/#website","url":"https:\/\/pahkinalehdonhoivakoti.fi\/sv\/","name":"P&auml;hkin&auml;lehdon Hoivakoti","description":"","publisher":{"@id":"https:\/\/pahkinalehdonhoivakoti.fi\/sv\/#organization"},"potentialAction":[{"@type":"SearchAction","target":{"@type":"EntryPoint","urlTemplate":"https:\/\/pahkinalehdonhoivakoti.fi\/sv\/?s={search_term_string}"},"query-input":{"@type":"PropertyValueSpecification","valueRequired":true,"valueName":"search_term_string"}}],"inLanguage":"sv-SE"},{"@type":"Organization","@id":"https:\/\/pahkinalehdonhoivakoti.fi\/sv\/#organization","name":"P&auml;hkin&auml;lehdon Hoivakoti","url":"https:\/\/pahkinalehdonhoivakoti.fi\/sv\/","logo":{"@type":"ImageObject","inLanguage":"sv-SE","@id":"https:\/\/pahkinalehdonhoivakoti.fi\/sv\/#\/schema\/logo\/image\/","url":"https:\/\/pahkinalehdonhoivakoti.fi\/wp-content\/uploads\/logo.png","contentUrl":"https:\/\/pahkinalehdonhoivakoti.fi\/wp-content\/uploads\/logo.png","width":600,"height":364,"caption":"P&auml;hkin&auml;lehdon Hoivakoti"},"image":{"@id":"https:\/\/pahkinalehdonhoivakoti.fi\/sv\/#\/schema\/logo\/image\/"}}]}},"_links":{"self":[{"href":"https:\/\/pahkinalehdonhoivakoti.fi\/sv\/wp-json\/wp\/v2\/pages\/331","targetHints":{"allow":["GET"]}}],"collection":[{"href":"https:\/\/pahkinalehdonhoivakoti.fi\/sv\/wp-json\/wp\/v2\/pages"}],"about":[{"href":"https:\/\/pahkinalehdonhoivakoti.fi\/sv\/wp-json\/wp\/v2\/types\/page"}],"author":[{"embeddable":true,"href":"https:\/\/pahkinalehdonhoivakoti.fi\/sv\/wp-json\/wp\/v2\/users\/1"}],"replies":[{"embeddable":true,"href":"https:\/\/pahkinalehdonhoivakoti.fi\/sv\/wp-json\/wp\/v2\/comments?post=331"}],"version-history":[{"count":11,"href":"https:\/\/pahkinalehdonhoivakoti.fi\/sv\/wp-json\/wp\/v2\/pages\/331\/revisions"}],"predecessor-version":[{"id":609,"href":"https:\/\/pahkinalehdonhoivakoti.fi\/sv\/wp-json\/wp\/v2\/pages\/331\/revisions\/609"}],"wp:attachment":[{"href":"https:\/\/pahkinalehdonhoivakoti.fi\/sv\/wp-json\/wp\/v2\/media?parent=331"}],"curies":[{"name":"wp","href":"https:\/\/api.w.org\/{rel}","templated":true}]}}