{"id":355,"date":"2023-10-13T15:27:28","date_gmt":"2023-10-13T12:27:28","guid":{"rendered":"https:\/\/pahkinalehdonhoivakoti.fi\/rekrytering\/"},"modified":"2024-12-09T11:34:40","modified_gmt":"2024-12-09T09:34:40","slug":"rekrytering","status":"publish","type":"page","link":"https:\/\/pahkinalehdonhoivakoti.fi\/sv\/rekrytering\/","title":{"rendered":"Rekrytering"},"content":{"rendered":"\n<section class=\"inner-header-hero \">\n\t<div class=\"inner-hero wrap\">\n\t\t<img decoding=\"async\" src=\"https:\/\/pahkinalehdonhoivakoti.fi\/wp-content\/uploads\/bg_site_inner_6.jpg\">\n\t\t\t<div class=\"inner-caption\">\n\t\t\t\t<div class=\"mobile-wrapper\">\n\t\t\t\t\t<h1>Rekrytering<\/h1>\n\t\t\t\t\t<p>Kom och jobba hos oss!<\/p>\n\t\t\t\t<\/div>\n\t\t\t<\/div>\n\t<\/div>\n<\/section>\n\n\n<div class=\"wp-block-group wrap\"><div class=\"wp-block-group__inner-container is-layout-constrained wp-block-group-is-layout-constrained\">\n<p><strong>V\u00e4lkommen att arbeta p\u00e5 Hassellunds V\u00e5rdhem!<\/strong><\/p>\n\n\n\n<p>Vill du ha ett arbete som verkligen betyder n\u00e5got? <strong>Hassellunds V\u00e5rdhem<\/strong> s\u00f6ker hj\u00e4rtliga och yrkeskunniga medarbetare f\u00f6r att st\u00e4rka v\u00e5rt team. Hos oss f\u00e5r du m\u00f6jlighet att p\u00e5verka de \u00e4ldres v\u00e4lbefinnande och erbjuda dem en trygg, hemlik och v\u00e4rdig boendemilj\u00f6.<\/p>\n\n\n\n<p><strong>Ta en titt p\u00e5 v\u00e5ra lediga tj\u00e4nster:<\/strong><\/p>\n\n\n\n<div class=\"wp-block-file\"><a id=\"wp-block-file--media-0fa2ed8b-8831-43fb-bf91-bf4d347be428\" href=\"https:\/\/pahkinalehdonhoivakoti.fi\/wp-content\/uploads\/Hassellunds-Vardhem-jobbannons-for-narvardare-2.pdf\" target=\"_blank\" rel=\"noreferrer noopener\">Jobbannons fo\u0308r na\u0308rva\u030ardare &#8211; p\u00e5 svenska<\/a><\/div>\n\n\n\n<div class=\"wp-block-file\"><a id=\"wp-block-file--media-19aeff5e-e778-4f94-bb6d-a31f5c05ef1e\" href=\"https:\/\/pahkinalehdonhoivakoti.fi\/wp-content\/uploads\/Pahkinalehdon-Hoivakoti-lahihoitajan-tyopaikkailmoitus-3.pdf\" target=\"_blank\" rel=\"noreferrer noopener\">L\u00e4hihoitajan ty\u00f6paikkailmoitus &#8211; suomeksi<\/a><\/div>\n\n\n\n<p><strong>Du kan f\u00e5 mer information fr\u00e5n f\u00f6ljande personer:<\/strong><\/p>\n\n\n\n<p>Mika Lindqvist<br>Telefon: 050 525 2090<br>E-post: <a href=\"mailto:mika@elisabetjaeemil.fi\">mika@elisabetjaeemil.fi<\/a><\/p>\n\n\n\n<p>Mirja Lindqvist<br>E-post: <a href=\"mailto:mirja@elisabetjaeemil.fi\">mirja@elisabetjaeemil.fi<\/a><\/p>\n\n\n\n<p>V\u00e4lkommen till v\u00e5rt team!<\/p>\n\n\n\n<div class=\"wpcf7 no-js\" id=\"wpcf7-f422-o1\" lang=\"sv-SE\" dir=\"ltr\" data-wpcf7-id=\"422\">\n<div class=\"screen-reader-response\"><p role=\"status\" aria-live=\"polite\" aria-atomic=\"true\"><\/p> <ul><\/ul><\/div>\n<form action=\"\/sv\/wp-json\/wp\/v2\/pages\/355#wpcf7-f422-o1\" method=\"post\" class=\"wpcf7-form init\" aria-label=\"Kontaktformul\u00e4r\" enctype=\"multipart\/form-data\" novalidate=\"novalidate\" data-status=\"init\">\n<fieldset class=\"hidden-fields-container\"><input type=\"hidden\" name=\"_wpcf7\" value=\"422\" \/><input type=\"hidden\" name=\"_wpcf7_version\" value=\"6.1.5\" \/><input type=\"hidden\" name=\"_wpcf7_locale\" value=\"sv_SE\" \/><input type=\"hidden\" name=\"_wpcf7_unit_tag\" value=\"wpcf7-f422-o1\" \/><input type=\"hidden\" name=\"_wpcf7_container_post\" value=\"0\" \/><input type=\"hidden\" name=\"_wpcf7_posted_data_hash\" value=\"\" \/><input type=\"hidden\" name=\"_wpcf7_recaptcha_response\" value=\"\" \/>\n<\/fieldset>\n<div class=\"wrap contactform\">\n\t<h2>L\u00e4mna in din ans\u00f6kan via formul\u00e4ret!\n\t<\/h2>\n\t<p><label>Namn<\/label><br \/>\n<span class=\"wpcf7-form-control-wrap\" data-name=\"your-name\"><input size=\"40\" maxlength=\"400\" class=\"wpcf7-form-control wpcf7-text wpcf7-validates-as-required\" aria-required=\"true\" aria-invalid=\"false\" value=\"\" type=\"text\" name=\"your-name\" \/><\/span>\n\t<\/p>\n\t<p><label>E-post<\/label><br \/>\n<span class=\"wpcf7-form-control-wrap\" data-name=\"your-email\"><input size=\"40\" maxlength=\"400\" class=\"wpcf7-form-control wpcf7-email wpcf7-validates-as-required wpcf7-text wpcf7-validates-as-email\" aria-required=\"true\" aria-invalid=\"false\" value=\"\" type=\"email\" name=\"your-email\" \/><\/span>\n\t<\/p>\n\t<p><label>Telefon<\/label><br \/>\n<span class=\"wpcf7-form-control-wrap\" data-name=\"tel-315\"><input size=\"40\" maxlength=\"400\" class=\"wpcf7-form-control wpcf7-tel wpcf7-validates-as-required wpcf7-text wpcf7-validates-as-tel\" aria-required=\"true\" aria-invalid=\"false\" value=\"\" type=\"tel\" name=\"tel-315\" \/><\/span>\n\t<\/p>\n\t<p><label>Meddelande<br \/>\n(Valfri. Du kan ocks\u00e5 bifoga ans\u00f6kan som en fil.)<br \/>\n<span class=\"wpcf7-form-control-wrap\" data-name=\"your-message\"><textarea cols=\"40\" rows=\"10\" maxlength=\"2000\" class=\"wpcf7-form-control wpcf7-textarea\" aria-invalid=\"false\" name=\"your-message\"><\/textarea><\/span><\/label>\n\t<\/p>\n\t<p><label>CV-fil<br \/>\n(PDF, max. 12MB)<\/label><br \/>\n<span class=\"wpcf7-form-control-wrap\" data-name=\"file-705cv\"><input size=\"40\" class=\"wpcf7-form-control wpcf7-file\" accept=\".pdf\" aria-invalid=\"false\" type=\"file\" name=\"file-705cv\" \/><\/span>\n\t<\/p>\n\t<p><label>Bifoga ans\u00f6kan<br \/>\n(PDF, max 12MB)<\/label><br \/>\n<span class=\"wpcf7-form-control-wrap\" data-name=\"file-7hakemus\"><input size=\"40\" class=\"wpcf7-form-control wpcf7-file\" accept=\".pdf\" aria-invalid=\"false\" type=\"file\" name=\"file-7hakemus\" \/><\/span>\n\t<\/p>\n\t<p><input class=\"wpcf7-form-control wpcf7-submit has-spinner\" type=\"submit\" value=\"Skicka\" \/>\n\t<\/p>\n<\/div><div class=\"wpcf7-response-output\" aria-hidden=\"true\"><\/div>\n<\/form>\n<\/div>\n\n<\/div><\/div>\n","protected":false},"excerpt":{"rendered":"<p>V\u00e4lkommen att arbeta p\u00e5 Hassellunds V\u00e5rdhem! Vill du ha ett arbete som verkligen betyder n\u00e5got? Hassellunds V\u00e5rdhem s\u00f6ker hj\u00e4rtliga och yrkeskunniga medarbetare f\u00f6r att st\u00e4rka v\u00e5rt team. Hos oss f\u00e5r du m\u00f6jlighet att p\u00e5verka de \u00e4ldres v\u00e4lbefinnande och erbjuda dem en trygg, hemlik och v\u00e4rdig boendemilj\u00f6. Ta en titt p\u00e5 v\u00e5ra lediga tj\u00e4nster: Du kan [&hellip;]<\/p>\n","protected":false},"author":1,"featured_media":0,"parent":0,"menu_order":0,"comment_status":"closed","ping_status":"closed","template":"","meta":{"_acf_changed":false,"_genesis_hide_title":true,"_genesis_hide_breadcrumbs":false,"_genesis_hide_singular_image":false,"_genesis_hide_footer_widgets":false,"_genesis_custom_body_class":"","_genesis_custom_post_class":"","_genesis_layout":"","footnotes":""},"class_list":{"0":"post-355","1":"page","2":"type-page","3":"status-publish","5":"entry"},"acf":[],"yoast_head":"<!-- This site is optimized with the Yoast SEO plugin v27.5 - https:\/\/yoast.com\/product\/yoast-seo-wordpress\/ -->\n<title>Rekrytering &#8211; Hassellunds V\u00e5rdhem<\/title>\n<meta name=\"description\" content=\"Rekrytering har b\u00f6rjat. Kom och jobba hos oss, vi rekryterar nu.\" \/>\n<meta name=\"robots\" content=\"index, follow, max-snippet:-1, max-image-preview:large, max-video-preview:-1\" \/>\n<link rel=\"canonical\" href=\"https:\/\/pahkinalehdonhoivakoti.fi\/sv\/rekrytering\/\" \/>\n<meta property=\"og:locale\" content=\"sv_SE\" \/>\n<meta property=\"og:type\" content=\"article\" \/>\n<meta property=\"og:title\" content=\"Rekrytering &#8211; Hassellunds V\u00e5rdhem\" \/>\n<meta property=\"og:description\" content=\"Rekrytering har b\u00f6rjat. Kom och jobba hos oss, vi rekryterar nu.\" \/>\n<meta property=\"og:url\" content=\"https:\/\/pahkinalehdonhoivakoti.fi\/sv\/rekrytering\/\" \/>\n<meta property=\"og:site_name\" content=\"P&auml;hkin&auml;lehdon Hoivakoti\" \/>\n<meta property=\"article:modified_time\" content=\"2024-12-09T09:34:40+00:00\" \/>\n<meta name=\"twitter:card\" content=\"summary_large_image\" \/>\n<script type=\"application\/ld+json\" class=\"yoast-schema-graph\">{\"@context\":\"https:\\\/\\\/schema.org\",\"@graph\":[{\"@type\":\"WebPage\",\"@id\":\"https:\\\/\\\/pahkinalehdonhoivakoti.fi\\\/sv\\\/rekrytering\\\/\",\"url\":\"https:\\\/\\\/pahkinalehdonhoivakoti.fi\\\/sv\\\/rekrytering\\\/\",\"name\":\"Rekrytering &#8211; Hassellunds V\u00e5rdhem\",\"isPartOf\":{\"@id\":\"https:\\\/\\\/pahkinalehdonhoivakoti.fi\\\/sv\\\/#website\"},\"datePublished\":\"2023-10-13T12:27:28+00:00\",\"dateModified\":\"2024-12-09T09:34:40+00:00\",\"description\":\"Rekrytering har b\u00f6rjat. Kom och jobba hos oss, vi rekryterar nu.\",\"breadcrumb\":{\"@id\":\"https:\\\/\\\/pahkinalehdonhoivakoti.fi\\\/sv\\\/rekrytering\\\/#breadcrumb\"},\"inLanguage\":\"sv-SE\",\"potentialAction\":[{\"@type\":\"ReadAction\",\"target\":[\"https:\\\/\\\/pahkinalehdonhoivakoti.fi\\\/sv\\\/rekrytering\\\/\"]}]},{\"@type\":\"BreadcrumbList\",\"@id\":\"https:\\\/\\\/pahkinalehdonhoivakoti.fi\\\/sv\\\/rekrytering\\\/#breadcrumb\",\"itemListElement\":[{\"@type\":\"ListItem\",\"position\":1,\"name\":\"Etusivu\",\"item\":\"https:\\\/\\\/pahkinalehdonhoivakoti.fi\\\/sv\\\/\"},{\"@type\":\"ListItem\",\"position\":2,\"name\":\"Rekrytering\"}]},{\"@type\":\"WebSite\",\"@id\":\"https:\\\/\\\/pahkinalehdonhoivakoti.fi\\\/sv\\\/#website\",\"url\":\"https:\\\/\\\/pahkinalehdonhoivakoti.fi\\\/sv\\\/\",\"name\":\"P&auml;hkin&auml;lehdon Hoivakoti\",\"description\":\"\",\"publisher\":{\"@id\":\"https:\\\/\\\/pahkinalehdonhoivakoti.fi\\\/sv\\\/#organization\"},\"potentialAction\":[{\"@type\":\"SearchAction\",\"target\":{\"@type\":\"EntryPoint\",\"urlTemplate\":\"https:\\\/\\\/pahkinalehdonhoivakoti.fi\\\/sv\\\/?s={search_term_string}\"},\"query-input\":{\"@type\":\"PropertyValueSpecification\",\"valueRequired\":true,\"valueName\":\"search_term_string\"}}],\"inLanguage\":\"sv-SE\"},{\"@type\":\"Organization\",\"@id\":\"https:\\\/\\\/pahkinalehdonhoivakoti.fi\\\/sv\\\/#organization\",\"name\":\"P&auml;hkin&auml;lehdon Hoivakoti\",\"url\":\"https:\\\/\\\/pahkinalehdonhoivakoti.fi\\\/sv\\\/\",\"logo\":{\"@type\":\"ImageObject\",\"inLanguage\":\"sv-SE\",\"@id\":\"https:\\\/\\\/pahkinalehdonhoivakoti.fi\\\/sv\\\/#\\\/schema\\\/logo\\\/image\\\/\",\"url\":\"https:\\\/\\\/pahkinalehdonhoivakoti.fi\\\/wp-content\\\/uploads\\\/logo.png\",\"contentUrl\":\"https:\\\/\\\/pahkinalehdonhoivakoti.fi\\\/wp-content\\\/uploads\\\/logo.png\",\"width\":600,\"height\":364,\"caption\":\"P&auml;hkin&auml;lehdon Hoivakoti\"},\"image\":{\"@id\":\"https:\\\/\\\/pahkinalehdonhoivakoti.fi\\\/sv\\\/#\\\/schema\\\/logo\\\/image\\\/\"}}]}<\/script>\n<!-- \/ Yoast SEO plugin. -->","yoast_head_json":{"title":"Rekrytering &#8211; Hassellunds V\u00e5rdhem","description":"Rekrytering har b\u00f6rjat. Kom och jobba hos oss, vi rekryterar nu.","robots":{"index":"index","follow":"follow","max-snippet":"max-snippet:-1","max-image-preview":"max-image-preview:large","max-video-preview":"max-video-preview:-1"},"canonical":"https:\/\/pahkinalehdonhoivakoti.fi\/sv\/rekrytering\/","og_locale":"sv_SE","og_type":"article","og_title":"Rekrytering &#8211; Hassellunds V\u00e5rdhem","og_description":"Rekrytering har b\u00f6rjat. Kom och jobba hos oss, vi rekryterar nu.","og_url":"https:\/\/pahkinalehdonhoivakoti.fi\/sv\/rekrytering\/","og_site_name":"P&auml;hkin&auml;lehdon Hoivakoti","article_modified_time":"2024-12-09T09:34:40+00:00","twitter_card":"summary_large_image","schema":{"@context":"https:\/\/schema.org","@graph":[{"@type":"WebPage","@id":"https:\/\/pahkinalehdonhoivakoti.fi\/sv\/rekrytering\/","url":"https:\/\/pahkinalehdonhoivakoti.fi\/sv\/rekrytering\/","name":"Rekrytering &#8211; Hassellunds V\u00e5rdhem","isPartOf":{"@id":"https:\/\/pahkinalehdonhoivakoti.fi\/sv\/#website"},"datePublished":"2023-10-13T12:27:28+00:00","dateModified":"2024-12-09T09:34:40+00:00","description":"Rekrytering har b\u00f6rjat. Kom och jobba hos oss, vi rekryterar nu.","breadcrumb":{"@id":"https:\/\/pahkinalehdonhoivakoti.fi\/sv\/rekrytering\/#breadcrumb"},"inLanguage":"sv-SE","potentialAction":[{"@type":"ReadAction","target":["https:\/\/pahkinalehdonhoivakoti.fi\/sv\/rekrytering\/"]}]},{"@type":"BreadcrumbList","@id":"https:\/\/pahkinalehdonhoivakoti.fi\/sv\/rekrytering\/#breadcrumb","itemListElement":[{"@type":"ListItem","position":1,"name":"Etusivu","item":"https:\/\/pahkinalehdonhoivakoti.fi\/sv\/"},{"@type":"ListItem","position":2,"name":"Rekrytering"}]},{"@type":"WebSite","@id":"https:\/\/pahkinalehdonhoivakoti.fi\/sv\/#website","url":"https:\/\/pahkinalehdonhoivakoti.fi\/sv\/","name":"P&auml;hkin&auml;lehdon Hoivakoti","description":"","publisher":{"@id":"https:\/\/pahkinalehdonhoivakoti.fi\/sv\/#organization"},"potentialAction":[{"@type":"SearchAction","target":{"@type":"EntryPoint","urlTemplate":"https:\/\/pahkinalehdonhoivakoti.fi\/sv\/?s={search_term_string}"},"query-input":{"@type":"PropertyValueSpecification","valueRequired":true,"valueName":"search_term_string"}}],"inLanguage":"sv-SE"},{"@type":"Organization","@id":"https:\/\/pahkinalehdonhoivakoti.fi\/sv\/#organization","name":"P&auml;hkin&auml;lehdon Hoivakoti","url":"https:\/\/pahkinalehdonhoivakoti.fi\/sv\/","logo":{"@type":"ImageObject","inLanguage":"sv-SE","@id":"https:\/\/pahkinalehdonhoivakoti.fi\/sv\/#\/schema\/logo\/image\/","url":"https:\/\/pahkinalehdonhoivakoti.fi\/wp-content\/uploads\/logo.png","contentUrl":"https:\/\/pahkinalehdonhoivakoti.fi\/wp-content\/uploads\/logo.png","width":600,"height":364,"caption":"P&auml;hkin&auml;lehdon Hoivakoti"},"image":{"@id":"https:\/\/pahkinalehdonhoivakoti.fi\/sv\/#\/schema\/logo\/image\/"}}]}},"_links":{"self":[{"href":"https:\/\/pahkinalehdonhoivakoti.fi\/sv\/wp-json\/wp\/v2\/pages\/355","targetHints":{"allow":["GET"]}}],"collection":[{"href":"https:\/\/pahkinalehdonhoivakoti.fi\/sv\/wp-json\/wp\/v2\/pages"}],"about":[{"href":"https:\/\/pahkinalehdonhoivakoti.fi\/sv\/wp-json\/wp\/v2\/types\/page"}],"author":[{"embeddable":true,"href":"https:\/\/pahkinalehdonhoivakoti.fi\/sv\/wp-json\/wp\/v2\/users\/1"}],"replies":[{"embeddable":true,"href":"https:\/\/pahkinalehdonhoivakoti.fi\/sv\/wp-json\/wp\/v2\/comments?post=355"}],"version-history":[{"count":11,"href":"https:\/\/pahkinalehdonhoivakoti.fi\/sv\/wp-json\/wp\/v2\/pages\/355\/revisions"}],"predecessor-version":[{"id":1503,"href":"https:\/\/pahkinalehdonhoivakoti.fi\/sv\/wp-json\/wp\/v2\/pages\/355\/revisions\/1503"}],"wp:attachment":[{"href":"https:\/\/pahkinalehdonhoivakoti.fi\/sv\/wp-json\/wp\/v2\/media?parent=355"}],"curies":[{"name":"wp","href":"https:\/\/api.w.org\/{rel}","templated":true}]}}