{"id":417,"date":"2023-10-18T09:28:59","date_gmt":"2023-10-18T06:28:59","guid":{"rendered":"https:\/\/pahkinalehdonhoivakoti.fi\/dataskydd\/"},"modified":"2023-11-16T19:58:23","modified_gmt":"2023-11-16T17:58:23","slug":"dataskydd","status":"publish","type":"page","link":"https:\/\/pahkinalehdonhoivakoti.fi\/sv\/dataskydd\/","title":{"rendered":"Dataskydd"},"content":{"rendered":"\n<section class=\"inner-header-hero \">\n\t<div class=\"inner-hero wrap\">\n\t\t<img decoding=\"async\" src=\"https:\/\/pahkinalehdonhoivakoti.fi\/wp-content\/uploads\/bg_site_inner_1.jpg\">\n\t\t\t<div class=\"inner-caption\">\n\t\t\t\t<div class=\"mobile-wrapper\">\n\t\t\t\t\t<h1>Dataskydd<\/h1>\n\t\t\t\t\t<p>L\u00e4s mer om dataskydd<\/p>\n\t\t\t\t<\/div>\n\t\t\t<\/div>\n\t<\/div>\n<\/section>\n\n\n<div class=\"wp-block-group wrap\"><div class=\"wp-block-group__inner-container is-layout-constrained wp-block-group-is-layout-constrained\">\n<h3 class=\"wp-block-heading remove-top-margin\">Rekisterinpit\u00e4j\u00e4<\/h3>\n\n\n\n<p>P\u00e4hkin\u00e4lehdon Hoivakoti (1738906-7)<br>My\u00f6hemmin t\u00e4ss\u00e4 selosteessa <em>Yritys<\/em><\/p>\n\n\n\n<h3 class=\"wp-block-heading\">Tietosuoja-asioista vastaava henkil\u00f6 ja\/tai yhteyshenkil\u00f6<\/h3>\n\n\n\n<p>Mika Lindqvist<br>0505252090<br>mika@elisabetjaeemil.fi<\/p>\n\n\n\n<h3 class=\"wp-block-heading\">Henkil\u00f6rekisterin nimi<\/h3>\n\n\n\n<p>P\u00e4hkin\u00e4lehdon Hoivakoti asiakas- ja markkinointirekisteri<\/p>\n\n\n\n<h3 class=\"wp-block-heading\">Ker\u00e4tt\u00e4v\u00e4t henkil\u00f6tiedot<\/h3>\n\n\n\n<p>Ker\u00e4\u00e4mme asiakassuhteen hoitamiseksi tarpeellisia henkil\u00f6tietoja, kuten asiakkaan nimi ja yhteystiedot sek\u00e4 palvelun k\u00e4ytt\u00e4j\u00e4tietoja. Ker\u00e4\u00e4mme henkil\u00f6tiedot rekister\u00f6idylt\u00e4 itselt\u00e4\u00e4n sek\u00e4 muista julkisista saatavilla olevista viranomaisen yll\u00e4pit\u00e4mist\u00e4 rekistereist\u00e4 ja muista ulkoisista l\u00e4hteist\u00e4, kuten kaupparekisterist\u00e4 tai muusta vastaavasta julkisesta yritysrekisterist\u00e4. Lis\u00e4ksi ker\u00e4\u00e4mme yhteydenottolomakkeiden t\u00e4ytt\u00e4neiden tiedot ja k\u00e4yt\u00e4mme niit\u00e4 edell\u00e4 mainittuihin asiakassuhteen yll\u00e4pit\u00e4miseen liittyviin tarkoituksiin.<\/p>\n\n\n\n<h3 class=\"wp-block-heading\">Henkil\u00f6rekisterin k\u00e4ytt\u00f6tarkoitus ja k\u00e4sittelyperuste<\/h3>\n\n\n\n<p>Henkil\u00f6tietoja k\u00e4sitell\u00e4\u00e4n voimassa olevan lains\u00e4\u00e4d\u00e4nn\u00f6n sallimissa rajoissa verkkopalvelun testaukseen, asiakassuhteen hoitamiseen sek\u00e4 palveluista tiedottamiseen ja neuvontaan. Saatamme k\u00e4ytt\u00e4\u00e4 rekister\u00f6idyn tietoja k\u00e4ytt\u00e4j\u00e4tilastojen ker\u00e4\u00e4miseen ja n\u00e4iden analysointiin. Ker\u00e4ttyj\u00e4 tietoja k\u00e4ytet\u00e4\u00e4n my\u00f6s markkinointiviestint\u00e4\u00e4n. Henkil\u00f6tietojen k\u00e4sittely markkinointiviestint\u00e4\u00e4n perustuu henkil\u00f6n antamaan suostumukseen yhteydenottolomakkeella. Suoramarkkinointi lopetetaan asiakkaan pyynn\u00f6st\u00e4. Henkil\u00f6 voi milloin tahansa peruuttaa suostumuksensa ilmoittamalla siit\u00e4 edell\u00e4 mainitulle yhteyshenkil\u00f6lle. Henkil\u00f6tietojen k\u00e4sittely voi olla tarpeen Yrityksen ja rekister\u00f6idyn v\u00e4lisen asiakassuhteen oikeutettujen etujen toteuttamiseksi. Yrityksell\u00e4 on oikeutettu etu k\u00e4sitell\u00e4 henkil\u00f6tietoja markkinointi-, palvelu- ja asiakasanalyyseissa ja palvelun testauksessa. Markkinointitarkoituksiin saattaa liitty\u00e4 my\u00f6s profilointia. Rekister\u00f6idyll\u00e4 on t\u00e4ll\u00f6in oikeus vastustaa henkil\u00f6tietojen k\u00e4sittely\u00e4.<\/p>\n\n\n\n<h3 class=\"wp-block-heading\">Henkil\u00f6tietojen k\u00e4sittelij\u00e4t<\/h3>\n\n\n\n<p>Henkil\u00f6tietoihin on p\u00e4\u00e4sy vain asiakassuhteen hallinnoinnista ja markkinoinnista vastaavilla henkil\u00f6ill\u00e4.<\/p>\n\n\n\n<h3 class=\"wp-block-heading\">Tietojen luovutus<\/h3>\n\n\n\n<p>Henkil\u00f6tietoja ei luovuteta kolmansille osapuolille, eik\u00e4 siirret\u00e4 Euroopan unionin tai Euroopan talousalueen ulkopuolelle, ellei se ole palvelun teknisen toteuttamisen vuoksi tarpeellista. Mahdollisissa tietojen luovuttamisen ja siirt\u00e4misen tilanteissa noudatetaan tietosuojalains\u00e4\u00e4d\u00e4nn\u00f6n vaatimaa tietosuojan tasoa ja muita tarvittavia turvatoimia.<\/p>\n\n\n\n<h3 class=\"wp-block-heading\">Ev\u00e4steet<\/h3>\n\n\n\n<p>K\u00e4yt\u00e4mme sivustollamme ev\u00e4steit\u00e4 ja muita vastaavia tekniikoita. Ev\u00e4ste on pieni tekstitiedosto, jonka selain tallentaa k\u00e4ytt\u00e4j\u00e4n p\u00e4\u00e4telaitteelle. Ev\u00e4steet sis\u00e4lt\u00e4v\u00e4t nimett\u00f6m\u00e4n, yksil\u00f6llisen tunnisteen, jonka avulla voimme tunnistaa ja laskea sivustollamme vierailevat eri selaimet. Ev\u00e4steiden ja muiden vastaavien tekniikoiden k\u00e4yt\u00f6n tarkoituksena on analysoida ja kehitt\u00e4\u00e4 palvelujamme edelleen k\u00e4ytt\u00e4ji\u00e4 paremmin palveleviksi sek\u00e4 kohdentaa mainontaa. K\u00e4ytt\u00e4j\u00e4 voi est\u00e4\u00e4 ev\u00e4steiden k\u00e4yt\u00f6n tai tyhjent\u00e4\u00e4 ev\u00e4steet selaimen asetuksista.<\/p>\n\n\n\n<h3 class=\"wp-block-heading\">Rekisterin suojaus<\/h3>\n\n\n\n<p>Suojaamme henkil\u00f6tietoja asianmukaisin teknisin ja organisatorisin menetelmin. Tiedot ker\u00e4t\u00e4\u00e4n tietokantoihin, jotka ovat palomuurein, salasanoin ja muin teknisin tietoturvakeinoin suojattuja. Tietokannat ja niiden varmuuskopiot sijaitsevat lukituissa ja vartioiduissa tiloissa ja tietoihin p\u00e4\u00e4sev\u00e4t k\u00e4siksi vain tietyt, ennalta nimetyt henkil\u00f6t.<\/p>\n\n\n\n<h3 class=\"wp-block-heading\">Henkil\u00f6tietojen s\u00e4ilytysaika ja h\u00e4vitt\u00e4minen<\/h3>\n\n\n\n<p>Henkil\u00f6tietoja s\u00e4ilytet\u00e4\u00e4n niin kauan kuin niit\u00e4 tarvitaan siihen tarkoitukseen, jota varten ne on ker\u00e4tty ja k\u00e4sitelty, tai sopimuksen t\u00e4yt\u00e4nt\u00f6\u00f6n panemiseen tai niin kauan kuin laki ja s\u00e4\u00e4nn\u00f6kset niin edellytt\u00e4v\u00e4t. T\u00e4m\u00e4n j\u00e4lkeen henkil\u00f6tiedot tuhotaan asianmukaisesti.<\/p>\n\n\n\n<h3 class=\"wp-block-heading\">Rekister\u00f6idyn oikeudet<\/h3>\n\n\n\n<p>Rekister\u00f6idyll\u00e4 on seuraavat oikeudet:<\/p>\n\n\n\n<ol class=\"wp-block-list\">\n<li>Rekister\u00f6ity p\u00e4\u00e4see pyyt\u00e4ess\u00e4 h\u00e4nt\u00e4 koskeviin henkil\u00f6tietoihin liikesalaisuuden ja sis\u00e4isten arvioiden sallimissa rajoissa. Tarkastuspyynt\u00f6 tulee l\u00e4hett\u00e4\u00e4 edell\u00e4 mainitulle yhteyshenkil\u00f6lle kirjallisesti ja allekirjoitettuna sek\u00e4 henkil\u00f6n on tunnistauduttava luotettavalla tavalla.<\/li>\n\n\n\n<li>Rekister\u00f6ity voi pyyt\u00e4\u00e4 tietojen oikaisua, jos tiedot ovat puutteellisia tai virheellisi\u00e4.<\/li>\n\n\n\n<li>Rekister\u00f6ity voi pyyt\u00e4\u00e4 tietojen poistamista, milloin niiden k\u00e4sittelyyn ei ole tietosuojaa koskevassa lains\u00e4\u00e4d\u00e4nn\u00f6ss\u00e4 tarkoitettua ja rekister\u00f6idyn suostumuksesta riippumatonta syyt\u00e4.<\/li>\n\n\n\n<li>Rekister\u00f6idyll\u00e4 on oikeus rajoittaa henkil\u00f6tietojen k\u00e4sittely\u00e4, jos tietojen oikeellisuus tai lainmukaisuus n\u00e4in edellytt\u00e4\u00e4, tai vastustamisoikeuden mukaisesti rekister\u00f6ity pyyt\u00e4\u00e4 rajoittamaan henkil\u00f6tietojen k\u00e4sittely\u00e4 vain tietojen s\u00e4ilytt\u00e4miseen.<\/li>\n\n\n\n<li>Rekister\u00f6idyll\u00e4 on oikeus vastustaa tietojen k\u00e4sittely\u00e4 suoramarkkinointitarkoituksiin Yrityksen oikeutetun edun perusteella.<\/li>\n\n\n\n<li>Rekister\u00f6ity voi pyyt\u00e4\u00e4 tietojen siirt\u00e4mist\u00e4 toiselle rekisterinpit\u00e4j\u00e4lle, mik\u00e4li se on turvallista ja teknisesti mahdollista.<\/li>\n\n\n\n<li>Rekister\u00f6idyn tulee l\u00e4hett\u00e4\u00e4 oikeuksiaan koskevat pyynn\u00f6t kirjallisena tai s\u00e4hk\u00f6postitse seuraavilla yhteystiedoilla:<\/li>\n<\/ol>\n\n\n\n<p>P\u00e4hkin\u00e4lehdon Hoivakoti<br>Tarkastus-\/muu henkil\u00f6tietoihin kohdistuva pyynt\u00f6<br><a href=\"mailto:mika@elisabetjaeemil.fi\">mika@elisabetjaeemil.fi<\/a><\/p>\n\n\n\n<p>Yritys vastaa pyynt\u00f6ihin 1 kuukauden sis\u00e4ll\u00e4 pyynn\u00f6n esitt\u00e4misest\u00e4, ellei ole erityisi\u00e4 syit\u00e4 pident\u00e4\u00e4 vastaamisaikaa.<\/p>\n<\/div><\/div>\n","protected":false},"excerpt":{"rendered":"<p>Rekisterinpit\u00e4j\u00e4 P\u00e4hkin\u00e4lehdon Hoivakoti (1738906-7)My\u00f6hemmin t\u00e4ss\u00e4 selosteessa Yritys Tietosuoja-asioista vastaava henkil\u00f6 ja\/tai yhteyshenkil\u00f6 Mika Lindqvist0505252090mika@elisabetjaeemil.fi Henkil\u00f6rekisterin nimi P\u00e4hkin\u00e4lehdon Hoivakoti asiakas- ja markkinointirekisteri Ker\u00e4tt\u00e4v\u00e4t henkil\u00f6tiedot Ker\u00e4\u00e4mme asiakassuhteen hoitamiseksi tarpeellisia henkil\u00f6tietoja, kuten asiakkaan nimi ja yhteystiedot sek\u00e4 palvelun k\u00e4ytt\u00e4j\u00e4tietoja. Ker\u00e4\u00e4mme henkil\u00f6tiedot rekister\u00f6idylt\u00e4 itselt\u00e4\u00e4n sek\u00e4 muista julkisista saatavilla olevista viranomaisen yll\u00e4pit\u00e4mist\u00e4 rekistereist\u00e4 ja muista ulkoisista l\u00e4hteist\u00e4, kuten kaupparekisterist\u00e4 tai [&hellip;]<\/p>\n","protected":false},"author":1,"featured_media":0,"parent":0,"menu_order":0,"comment_status":"closed","ping_status":"closed","template":"","meta":{"_acf_changed":false,"_genesis_hide_title":true,"_genesis_hide_breadcrumbs":false,"_genesis_hide_singular_image":false,"_genesis_hide_footer_widgets":false,"_genesis_custom_body_class":"","_genesis_custom_post_class":"","_genesis_layout":"","footnotes":""},"class_list":{"0":"post-417","1":"page","2":"type-page","3":"status-publish","5":"entry"},"acf":[],"yoast_head":"<!-- This site is optimized with the Yoast SEO plugin v27.4 - https:\/\/yoast.com\/product\/yoast-seo-wordpress\/ -->\n<title>Dataskydd &#8211; Hassellunds V\u00e5rdhem<\/title>\n<meta name=\"robots\" content=\"noindex, nofollow\" \/>\n<meta property=\"og:locale\" content=\"sv_SE\" \/>\n<meta property=\"og:type\" content=\"article\" \/>\n<meta property=\"og:title\" content=\"Dataskydd &#8211; Hassellunds V\u00e5rdhem\" \/>\n<meta property=\"og:description\" content=\"Rekisterinpit\u00e4j\u00e4 P\u00e4hkin\u00e4lehdon Hoivakoti (1738906-7)My\u00f6hemmin t\u00e4ss\u00e4 selosteessa Yritys Tietosuoja-asioista vastaava henkil\u00f6 ja\/tai yhteyshenkil\u00f6 Mika Lindqvist0505252090mika@elisabetjaeemil.fi Henkil\u00f6rekisterin nimi P\u00e4hkin\u00e4lehdon Hoivakoti asiakas- ja markkinointirekisteri Ker\u00e4tt\u00e4v\u00e4t henkil\u00f6tiedot Ker\u00e4\u00e4mme asiakassuhteen hoitamiseksi tarpeellisia henkil\u00f6tietoja, kuten asiakkaan nimi ja yhteystiedot sek\u00e4 palvelun k\u00e4ytt\u00e4j\u00e4tietoja. Ker\u00e4\u00e4mme henkil\u00f6tiedot rekister\u00f6idylt\u00e4 itselt\u00e4\u00e4n sek\u00e4 muista julkisista saatavilla olevista viranomaisen yll\u00e4pit\u00e4mist\u00e4 rekistereist\u00e4 ja muista ulkoisista l\u00e4hteist\u00e4, kuten kaupparekisterist\u00e4 tai [&hellip;]\" \/>\n<meta property=\"og:url\" content=\"https:\/\/pahkinalehdonhoivakoti.fi\/sv\/dataskydd\/\" \/>\n<meta property=\"og:site_name\" content=\"P&auml;hkin&auml;lehdon Hoivakoti\" \/>\n<meta property=\"article:modified_time\" content=\"2023-11-16T17:58:23+00:00\" \/>\n<meta name=\"twitter:card\" content=\"summary_large_image\" \/>\n<script type=\"application\/ld+json\" class=\"yoast-schema-graph\">{\"@context\":\"https:\\\/\\\/schema.org\",\"@graph\":[{\"@type\":\"WebPage\",\"@id\":\"https:\\\/\\\/pahkinalehdonhoivakoti.fi\\\/sv\\\/dataskydd\\\/\",\"url\":\"https:\\\/\\\/pahkinalehdonhoivakoti.fi\\\/sv\\\/dataskydd\\\/\",\"name\":\"Dataskydd &#8211; Hassellunds V\u00e5rdhem\",\"isPartOf\":{\"@id\":\"https:\\\/\\\/pahkinalehdonhoivakoti.fi\\\/sv\\\/#website\"},\"datePublished\":\"2023-10-18T06:28:59+00:00\",\"dateModified\":\"2023-11-16T17:58:23+00:00\",\"breadcrumb\":{\"@id\":\"https:\\\/\\\/pahkinalehdonhoivakoti.fi\\\/sv\\\/dataskydd\\\/#breadcrumb\"},\"inLanguage\":\"sv-SE\",\"potentialAction\":[{\"@type\":\"ReadAction\",\"target\":[\"https:\\\/\\\/pahkinalehdonhoivakoti.fi\\\/sv\\\/dataskydd\\\/\"]}]},{\"@type\":\"BreadcrumbList\",\"@id\":\"https:\\\/\\\/pahkinalehdonhoivakoti.fi\\\/sv\\\/dataskydd\\\/#breadcrumb\",\"itemListElement\":[{\"@type\":\"ListItem\",\"position\":1,\"name\":\"Etusivu\",\"item\":\"https:\\\/\\\/pahkinalehdonhoivakoti.fi\\\/sv\\\/\"},{\"@type\":\"ListItem\",\"position\":2,\"name\":\"Dataskydd\"}]},{\"@type\":\"WebSite\",\"@id\":\"https:\\\/\\\/pahkinalehdonhoivakoti.fi\\\/sv\\\/#website\",\"url\":\"https:\\\/\\\/pahkinalehdonhoivakoti.fi\\\/sv\\\/\",\"name\":\"P&auml;hkin&auml;lehdon Hoivakoti\",\"description\":\"\",\"publisher\":{\"@id\":\"https:\\\/\\\/pahkinalehdonhoivakoti.fi\\\/sv\\\/#organization\"},\"potentialAction\":[{\"@type\":\"SearchAction\",\"target\":{\"@type\":\"EntryPoint\",\"urlTemplate\":\"https:\\\/\\\/pahkinalehdonhoivakoti.fi\\\/sv\\\/?s={search_term_string}\"},\"query-input\":{\"@type\":\"PropertyValueSpecification\",\"valueRequired\":true,\"valueName\":\"search_term_string\"}}],\"inLanguage\":\"sv-SE\"},{\"@type\":\"Organization\",\"@id\":\"https:\\\/\\\/pahkinalehdonhoivakoti.fi\\\/sv\\\/#organization\",\"name\":\"P&auml;hkin&auml;lehdon Hoivakoti\",\"url\":\"https:\\\/\\\/pahkinalehdonhoivakoti.fi\\\/sv\\\/\",\"logo\":{\"@type\":\"ImageObject\",\"inLanguage\":\"sv-SE\",\"@id\":\"https:\\\/\\\/pahkinalehdonhoivakoti.fi\\\/sv\\\/#\\\/schema\\\/logo\\\/image\\\/\",\"url\":\"https:\\\/\\\/pahkinalehdonhoivakoti.fi\\\/wp-content\\\/uploads\\\/logo.png\",\"contentUrl\":\"https:\\\/\\\/pahkinalehdonhoivakoti.fi\\\/wp-content\\\/uploads\\\/logo.png\",\"width\":600,\"height\":364,\"caption\":\"P&auml;hkin&auml;lehdon Hoivakoti\"},\"image\":{\"@id\":\"https:\\\/\\\/pahkinalehdonhoivakoti.fi\\\/sv\\\/#\\\/schema\\\/logo\\\/image\\\/\"}}]}<\/script>\n<!-- \/ Yoast SEO plugin. -->","yoast_head_json":{"title":"Dataskydd &#8211; Hassellunds V\u00e5rdhem","robots":{"index":"noindex","follow":"nofollow"},"og_locale":"sv_SE","og_type":"article","og_title":"Dataskydd &#8211; Hassellunds V\u00e5rdhem","og_description":"Rekisterinpit\u00e4j\u00e4 P\u00e4hkin\u00e4lehdon Hoivakoti (1738906-7)My\u00f6hemmin t\u00e4ss\u00e4 selosteessa Yritys Tietosuoja-asioista vastaava henkil\u00f6 ja\/tai yhteyshenkil\u00f6 Mika Lindqvist0505252090mika@elisabetjaeemil.fi Henkil\u00f6rekisterin nimi P\u00e4hkin\u00e4lehdon Hoivakoti asiakas- ja markkinointirekisteri Ker\u00e4tt\u00e4v\u00e4t henkil\u00f6tiedot Ker\u00e4\u00e4mme asiakassuhteen hoitamiseksi tarpeellisia henkil\u00f6tietoja, kuten asiakkaan nimi ja yhteystiedot sek\u00e4 palvelun k\u00e4ytt\u00e4j\u00e4tietoja. Ker\u00e4\u00e4mme henkil\u00f6tiedot rekister\u00f6idylt\u00e4 itselt\u00e4\u00e4n sek\u00e4 muista julkisista saatavilla olevista viranomaisen yll\u00e4pit\u00e4mist\u00e4 rekistereist\u00e4 ja muista ulkoisista l\u00e4hteist\u00e4, kuten kaupparekisterist\u00e4 tai [&hellip;]","og_url":"https:\/\/pahkinalehdonhoivakoti.fi\/sv\/dataskydd\/","og_site_name":"P&auml;hkin&auml;lehdon Hoivakoti","article_modified_time":"2023-11-16T17:58:23+00:00","twitter_card":"summary_large_image","schema":{"@context":"https:\/\/schema.org","@graph":[{"@type":"WebPage","@id":"https:\/\/pahkinalehdonhoivakoti.fi\/sv\/dataskydd\/","url":"https:\/\/pahkinalehdonhoivakoti.fi\/sv\/dataskydd\/","name":"Dataskydd &#8211; Hassellunds V\u00e5rdhem","isPartOf":{"@id":"https:\/\/pahkinalehdonhoivakoti.fi\/sv\/#website"},"datePublished":"2023-10-18T06:28:59+00:00","dateModified":"2023-11-16T17:58:23+00:00","breadcrumb":{"@id":"https:\/\/pahkinalehdonhoivakoti.fi\/sv\/dataskydd\/#breadcrumb"},"inLanguage":"sv-SE","potentialAction":[{"@type":"ReadAction","target":["https:\/\/pahkinalehdonhoivakoti.fi\/sv\/dataskydd\/"]}]},{"@type":"BreadcrumbList","@id":"https:\/\/pahkinalehdonhoivakoti.fi\/sv\/dataskydd\/#breadcrumb","itemListElement":[{"@type":"ListItem","position":1,"name":"Etusivu","item":"https:\/\/pahkinalehdonhoivakoti.fi\/sv\/"},{"@type":"ListItem","position":2,"name":"Dataskydd"}]},{"@type":"WebSite","@id":"https:\/\/pahkinalehdonhoivakoti.fi\/sv\/#website","url":"https:\/\/pahkinalehdonhoivakoti.fi\/sv\/","name":"P&auml;hkin&auml;lehdon Hoivakoti","description":"","publisher":{"@id":"https:\/\/pahkinalehdonhoivakoti.fi\/sv\/#organization"},"potentialAction":[{"@type":"SearchAction","target":{"@type":"EntryPoint","urlTemplate":"https:\/\/pahkinalehdonhoivakoti.fi\/sv\/?s={search_term_string}"},"query-input":{"@type":"PropertyValueSpecification","valueRequired":true,"valueName":"search_term_string"}}],"inLanguage":"sv-SE"},{"@type":"Organization","@id":"https:\/\/pahkinalehdonhoivakoti.fi\/sv\/#organization","name":"P&auml;hkin&auml;lehdon Hoivakoti","url":"https:\/\/pahkinalehdonhoivakoti.fi\/sv\/","logo":{"@type":"ImageObject","inLanguage":"sv-SE","@id":"https:\/\/pahkinalehdonhoivakoti.fi\/sv\/#\/schema\/logo\/image\/","url":"https:\/\/pahkinalehdonhoivakoti.fi\/wp-content\/uploads\/logo.png","contentUrl":"https:\/\/pahkinalehdonhoivakoti.fi\/wp-content\/uploads\/logo.png","width":600,"height":364,"caption":"P&auml;hkin&auml;lehdon Hoivakoti"},"image":{"@id":"https:\/\/pahkinalehdonhoivakoti.fi\/sv\/#\/schema\/logo\/image\/"}}]}},"_links":{"self":[{"href":"https:\/\/pahkinalehdonhoivakoti.fi\/sv\/wp-json\/wp\/v2\/pages\/417","targetHints":{"allow":["GET"]}}],"collection":[{"href":"https:\/\/pahkinalehdonhoivakoti.fi\/sv\/wp-json\/wp\/v2\/pages"}],"about":[{"href":"https:\/\/pahkinalehdonhoivakoti.fi\/sv\/wp-json\/wp\/v2\/types\/page"}],"author":[{"embeddable":true,"href":"https:\/\/pahkinalehdonhoivakoti.fi\/sv\/wp-json\/wp\/v2\/users\/1"}],"replies":[{"embeddable":true,"href":"https:\/\/pahkinalehdonhoivakoti.fi\/sv\/wp-json\/wp\/v2\/comments?post=417"}],"version-history":[{"count":3,"href":"https:\/\/pahkinalehdonhoivakoti.fi\/sv\/wp-json\/wp\/v2\/pages\/417\/revisions"}],"predecessor-version":[{"id":679,"href":"https:\/\/pahkinalehdonhoivakoti.fi\/sv\/wp-json\/wp\/v2\/pages\/417\/revisions\/679"}],"wp:attachment":[{"href":"https:\/\/pahkinalehdonhoivakoti.fi\/sv\/wp-json\/wp\/v2\/media?parent=417"}],"curies":[{"name":"wp","href":"https:\/\/api.w.org\/{rel}","templated":true}]}}