{"id":419,"date":"2023-10-13T15:27:52","date_gmt":"2023-10-13T12:27:52","guid":{"rendered":"https:\/\/pahkinalehdonhoivakoti.fi\/kontakt\/"},"modified":"2026-01-28T14:51:01","modified_gmt":"2026-01-28T12:51:01","slug":"kontakt","status":"publish","type":"page","link":"https:\/\/pahkinalehdonhoivakoti.fi\/sv\/kontakt\/","title":{"rendered":"Kontakt"},"content":{"rendered":"\n<section class=\"inner-header-hero \">\n\t<div class=\"inner-hero wrap\">\n\t\t<img decoding=\"async\" src=\"https:\/\/pahkinalehdonhoivakoti.fi\/wp-content\/uploads\/bg_site_inner_5.jpg\">\n\t\t\t<div class=\"inner-caption\">\n\t\t\t\t<div class=\"mobile-wrapper\">\n\t\t\t\t\t<h1>Kontakt<\/h1>\n\t\t\t\t\t<p>Kontaktinformation<\/p>\n\t\t\t\t<\/div>\n\t\t\t<\/div>\n\t<\/div>\n<\/section>\n\n\n<div class=\"wp-block-group wrap\"><div class=\"wp-block-group__inner-container is-layout-constrained wp-block-group-is-layout-constrained\">\n<div class=\"wp-block-columns is-layout-flex wp-container-core-columns-is-layout-9d6595d7 wp-block-columns-is-layout-flex\">\n<div class=\"wp-block-column is-layout-flow wp-block-column-is-layout-flow\">\n<p><strong>Hassellunds V\u00e5rdhem<\/strong><\/p>\n\n\n\n<p>Granitv\u00e4gen 15<br>01150 S\u00f6derkulla<\/p>\n\n\n\n<p><br><strong><strong>Team-ansvarig<\/strong><\/strong><br><strong>Jasmin Bj\u00f6rkqvist 050 477 4445<\/strong><br><a href=\"mailto:jasmin.bjorkqvist@pahkinalehdonhoivakoti.fi\">jasmin.bjorkqvist@pahkinalehdonhoivakoti.fi<\/a><\/p>\n\n\n\n<p><strong>Ansvariga <strong>sjuksk\u00f6tare<\/strong><\/strong><\/p>\n\n\n\n<p><strong>2 v\u00e5n: Annika L\u00f6nnberg<\/strong> <strong>050 432 3601<\/strong><br><a href=\"mailto:annika.lonnberg@pahkinalehdonhoivakoti.fi\">annika.lonnberg@pahkinalehdonhoivakoti.fi<\/a><br><\/p>\n\n\n\n<p><strong>3 v\u00e5n: Eveliina Vaitomaa 050 473 3677<\/strong> <strong><a href=\"mailto:eveliina.vaitomaa@pahkinalehdonhoivakoti.fi\">eveliina.vaitomaa@pahkinalehdonhoivakoti.fi<\/a><\/strong><\/p>\n\n\n\n<p>Sjuksk\u00f6taren n\u00e5r du vardagar mellan kl 7-15.<br><br>V\u00e5rdpersonal 24h\/vrk\n<br>2 v\u00e5n tel. 050 462 7299 <br>3 v\u00e5n tel. 050 5219340<\/p>\n\n\n\n<p><\/p>\n\n\n\n<p><strong><strong>Mera information f\u00e5r du av:<\/strong><\/strong><\/p>\n\n\n\n<p>Mika Lindqvist<br>Telefon: 050 525 2090<br>E-post: <a href=\"mailto:mika@elisabetjaeemil.fi\">mika@elisabetjaeemil.fi<\/a><\/p>\n\n\n\n<p>Mirja Lindqvist<br>Telefon: 040 766 3935<br> E-post: <a href=\"mailto:mirja.lindqvist@pahkinalehdonhoivakoti.fi\">mirja.lindqvist@pahkinalehdonhoivakoti.fi<\/a><\/p>\n\n\n\n<p><\/p>\n<\/div>\n\n\n\n<div class=\"wp-block-column is-layout-flow wp-block-column-is-layout-flow\">\n<figure class=\"wp-block-image size-large\"><img loading=\"lazy\" decoding=\"async\" width=\"1024\" height=\"730\" src=\"https:\/\/pahkinalehdonhoivakoti.fi\/wp-content\/uploads\/pahkinalehto_havainnekuva-1024x730.jpg\" alt=\"\" class=\"wp-image-97\" srcset=\"https:\/\/pahkinalehdonhoivakoti.fi\/wp-content\/uploads\/pahkinalehto_havainnekuva-1024x730.jpg 1024w, https:\/\/pahkinalehdonhoivakoti.fi\/wp-content\/uploads\/pahkinalehto_havainnekuva-300x214.jpg 300w, https:\/\/pahkinalehdonhoivakoti.fi\/wp-content\/uploads\/pahkinalehto_havainnekuva-768x548.jpg 768w, https:\/\/pahkinalehdonhoivakoti.fi\/wp-content\/uploads\/pahkinalehto_havainnekuva.jpg 1353w\" sizes=\"auto, (max-width: 1024px) 100vw, 1024px\" \/><\/figure>\n<\/div>\n<\/div>\n<\/div><\/div>\n","protected":false},"excerpt":{"rendered":"<p>Hassellunds V\u00e5rdhem Granitv\u00e4gen 1501150 S\u00f6derkulla Team-ansvarigJasmin Bj\u00f6rkqvist 050 477 4445jasmin.bjorkqvist@pahkinalehdonhoivakoti.fi Ansvariga sjuksk\u00f6tare 2 v\u00e5n: Annika L\u00f6nnberg 050 432 3601annika.lonnberg@pahkinalehdonhoivakoti.fi 3 v\u00e5n: Eveliina Vaitomaa 050 473 3677 eveliina.vaitomaa@pahkinalehdonhoivakoti.fi Sjuksk\u00f6taren n\u00e5r du vardagar mellan kl 7-15. V\u00e5rdpersonal 24h\/vrk 2 v\u00e5n tel. 050 462 7299 3 v\u00e5n tel. 050 5219340 Mera information f\u00e5r du av: Mika LindqvistTelefon: 050 [&hellip;]<\/p>\n","protected":false},"author":1,"featured_media":0,"parent":0,"menu_order":0,"comment_status":"closed","ping_status":"closed","template":"","meta":{"_acf_changed":false,"_genesis_hide_title":true,"_genesis_hide_breadcrumbs":false,"_genesis_hide_singular_image":false,"_genesis_hide_footer_widgets":false,"_genesis_custom_body_class":"","_genesis_custom_post_class":"","_genesis_layout":"","footnotes":""},"class_list":{"0":"post-419","1":"page","2":"type-page","3":"status-publish","5":"entry"},"acf":[],"yoast_head":"<!-- This site is optimized with the Yoast SEO plugin v27.4 - https:\/\/yoast.com\/product\/yoast-seo-wordpress\/ -->\n<title>Kontakt &#8211; Hassellunds V\u00e5rdhem<\/title>\n<meta name=\"description\" content=\"Kontakta oss! Du hittar kontaktinformation h\u00e4r.\" \/>\n<meta name=\"robots\" content=\"index, follow, max-snippet:-1, max-image-preview:large, max-video-preview:-1\" \/>\n<link rel=\"canonical\" href=\"https:\/\/pahkinalehdonhoivakoti.fi\/sv\/kontakt\/\" \/>\n<meta property=\"og:locale\" content=\"sv_SE\" \/>\n<meta property=\"og:type\" content=\"article\" \/>\n<meta property=\"og:title\" content=\"Kontakt &#8211; Hassellunds V\u00e5rdhem\" \/>\n<meta property=\"og:description\" content=\"Kontakta oss! Du hittar kontaktinformation h\u00e4r.\" \/>\n<meta property=\"og:url\" content=\"https:\/\/pahkinalehdonhoivakoti.fi\/sv\/kontakt\/\" \/>\n<meta property=\"og:site_name\" content=\"P&auml;hkin&auml;lehdon Hoivakoti\" \/>\n<meta property=\"article:modified_time\" content=\"2026-01-28T12:51:01+00:00\" \/>\n<meta property=\"og:image\" content=\"https:\/\/pahkinalehdonhoivakoti.fi\/wp-content\/uploads\/pahkinalehto_havainnekuva-1024x730.jpg\" \/>\n<meta name=\"twitter:card\" content=\"summary_large_image\" \/>\n<script type=\"application\/ld+json\" class=\"yoast-schema-graph\">{\"@context\":\"https:\\\/\\\/schema.org\",\"@graph\":[{\"@type\":\"WebPage\",\"@id\":\"https:\\\/\\\/pahkinalehdonhoivakoti.fi\\\/sv\\\/kontakt\\\/\",\"url\":\"https:\\\/\\\/pahkinalehdonhoivakoti.fi\\\/sv\\\/kontakt\\\/\",\"name\":\"Kontakt &#8211; Hassellunds V\u00e5rdhem\",\"isPartOf\":{\"@id\":\"https:\\\/\\\/pahkinalehdonhoivakoti.fi\\\/sv\\\/#website\"},\"primaryImageOfPage\":{\"@id\":\"https:\\\/\\\/pahkinalehdonhoivakoti.fi\\\/sv\\\/kontakt\\\/#primaryimage\"},\"image\":{\"@id\":\"https:\\\/\\\/pahkinalehdonhoivakoti.fi\\\/sv\\\/kontakt\\\/#primaryimage\"},\"thumbnailUrl\":\"https:\\\/\\\/pahkinalehdonhoivakoti.fi\\\/wp-content\\\/uploads\\\/pahkinalehto_havainnekuva-1024x730.jpg\",\"datePublished\":\"2023-10-13T12:27:52+00:00\",\"dateModified\":\"2026-01-28T12:51:01+00:00\",\"description\":\"Kontakta oss! Du hittar kontaktinformation h\u00e4r.\",\"breadcrumb\":{\"@id\":\"https:\\\/\\\/pahkinalehdonhoivakoti.fi\\\/sv\\\/kontakt\\\/#breadcrumb\"},\"inLanguage\":\"sv-SE\",\"potentialAction\":[{\"@type\":\"ReadAction\",\"target\":[\"https:\\\/\\\/pahkinalehdonhoivakoti.fi\\\/sv\\\/kontakt\\\/\"]}]},{\"@type\":\"ImageObject\",\"inLanguage\":\"sv-SE\",\"@id\":\"https:\\\/\\\/pahkinalehdonhoivakoti.fi\\\/sv\\\/kontakt\\\/#primaryimage\",\"url\":\"https:\\\/\\\/pahkinalehdonhoivakoti.fi\\\/wp-content\\\/uploads\\\/pahkinalehto_havainnekuva-1024x730.jpg\",\"contentUrl\":\"https:\\\/\\\/pahkinalehdonhoivakoti.fi\\\/wp-content\\\/uploads\\\/pahkinalehto_havainnekuva-1024x730.jpg\"},{\"@type\":\"BreadcrumbList\",\"@id\":\"https:\\\/\\\/pahkinalehdonhoivakoti.fi\\\/sv\\\/kontakt\\\/#breadcrumb\",\"itemListElement\":[{\"@type\":\"ListItem\",\"position\":1,\"name\":\"Etusivu\",\"item\":\"https:\\\/\\\/pahkinalehdonhoivakoti.fi\\\/sv\\\/\"},{\"@type\":\"ListItem\",\"position\":2,\"name\":\"Kontakt\"}]},{\"@type\":\"WebSite\",\"@id\":\"https:\\\/\\\/pahkinalehdonhoivakoti.fi\\\/sv\\\/#website\",\"url\":\"https:\\\/\\\/pahkinalehdonhoivakoti.fi\\\/sv\\\/\",\"name\":\"P&auml;hkin&auml;lehdon Hoivakoti\",\"description\":\"\",\"publisher\":{\"@id\":\"https:\\\/\\\/pahkinalehdonhoivakoti.fi\\\/sv\\\/#organization\"},\"potentialAction\":[{\"@type\":\"SearchAction\",\"target\":{\"@type\":\"EntryPoint\",\"urlTemplate\":\"https:\\\/\\\/pahkinalehdonhoivakoti.fi\\\/sv\\\/?s={search_term_string}\"},\"query-input\":{\"@type\":\"PropertyValueSpecification\",\"valueRequired\":true,\"valueName\":\"search_term_string\"}}],\"inLanguage\":\"sv-SE\"},{\"@type\":\"Organization\",\"@id\":\"https:\\\/\\\/pahkinalehdonhoivakoti.fi\\\/sv\\\/#organization\",\"name\":\"P&auml;hkin&auml;lehdon Hoivakoti\",\"url\":\"https:\\\/\\\/pahkinalehdonhoivakoti.fi\\\/sv\\\/\",\"logo\":{\"@type\":\"ImageObject\",\"inLanguage\":\"sv-SE\",\"@id\":\"https:\\\/\\\/pahkinalehdonhoivakoti.fi\\\/sv\\\/#\\\/schema\\\/logo\\\/image\\\/\",\"url\":\"https:\\\/\\\/pahkinalehdonhoivakoti.fi\\\/wp-content\\\/uploads\\\/logo.png\",\"contentUrl\":\"https:\\\/\\\/pahkinalehdonhoivakoti.fi\\\/wp-content\\\/uploads\\\/logo.png\",\"width\":600,\"height\":364,\"caption\":\"P&auml;hkin&auml;lehdon Hoivakoti\"},\"image\":{\"@id\":\"https:\\\/\\\/pahkinalehdonhoivakoti.fi\\\/sv\\\/#\\\/schema\\\/logo\\\/image\\\/\"}}]}<\/script>\n<!-- \/ Yoast SEO plugin. -->","yoast_head_json":{"title":"Kontakt &#8211; Hassellunds V\u00e5rdhem","description":"Kontakta oss! Du hittar kontaktinformation h\u00e4r.","robots":{"index":"index","follow":"follow","max-snippet":"max-snippet:-1","max-image-preview":"max-image-preview:large","max-video-preview":"max-video-preview:-1"},"canonical":"https:\/\/pahkinalehdonhoivakoti.fi\/sv\/kontakt\/","og_locale":"sv_SE","og_type":"article","og_title":"Kontakt &#8211; Hassellunds V\u00e5rdhem","og_description":"Kontakta oss! Du hittar kontaktinformation h\u00e4r.","og_url":"https:\/\/pahkinalehdonhoivakoti.fi\/sv\/kontakt\/","og_site_name":"P&auml;hkin&auml;lehdon Hoivakoti","article_modified_time":"2026-01-28T12:51:01+00:00","og_image":[{"url":"https:\/\/pahkinalehdonhoivakoti.fi\/wp-content\/uploads\/pahkinalehto_havainnekuva-1024x730.jpg","type":"","width":"","height":""}],"twitter_card":"summary_large_image","schema":{"@context":"https:\/\/schema.org","@graph":[{"@type":"WebPage","@id":"https:\/\/pahkinalehdonhoivakoti.fi\/sv\/kontakt\/","url":"https:\/\/pahkinalehdonhoivakoti.fi\/sv\/kontakt\/","name":"Kontakt &#8211; Hassellunds V\u00e5rdhem","isPartOf":{"@id":"https:\/\/pahkinalehdonhoivakoti.fi\/sv\/#website"},"primaryImageOfPage":{"@id":"https:\/\/pahkinalehdonhoivakoti.fi\/sv\/kontakt\/#primaryimage"},"image":{"@id":"https:\/\/pahkinalehdonhoivakoti.fi\/sv\/kontakt\/#primaryimage"},"thumbnailUrl":"https:\/\/pahkinalehdonhoivakoti.fi\/wp-content\/uploads\/pahkinalehto_havainnekuva-1024x730.jpg","datePublished":"2023-10-13T12:27:52+00:00","dateModified":"2026-01-28T12:51:01+00:00","description":"Kontakta oss! Du hittar kontaktinformation h\u00e4r.","breadcrumb":{"@id":"https:\/\/pahkinalehdonhoivakoti.fi\/sv\/kontakt\/#breadcrumb"},"inLanguage":"sv-SE","potentialAction":[{"@type":"ReadAction","target":["https:\/\/pahkinalehdonhoivakoti.fi\/sv\/kontakt\/"]}]},{"@type":"ImageObject","inLanguage":"sv-SE","@id":"https:\/\/pahkinalehdonhoivakoti.fi\/sv\/kontakt\/#primaryimage","url":"https:\/\/pahkinalehdonhoivakoti.fi\/wp-content\/uploads\/pahkinalehto_havainnekuva-1024x730.jpg","contentUrl":"https:\/\/pahkinalehdonhoivakoti.fi\/wp-content\/uploads\/pahkinalehto_havainnekuva-1024x730.jpg"},{"@type":"BreadcrumbList","@id":"https:\/\/pahkinalehdonhoivakoti.fi\/sv\/kontakt\/#breadcrumb","itemListElement":[{"@type":"ListItem","position":1,"name":"Etusivu","item":"https:\/\/pahkinalehdonhoivakoti.fi\/sv\/"},{"@type":"ListItem","position":2,"name":"Kontakt"}]},{"@type":"WebSite","@id":"https:\/\/pahkinalehdonhoivakoti.fi\/sv\/#website","url":"https:\/\/pahkinalehdonhoivakoti.fi\/sv\/","name":"P&auml;hkin&auml;lehdon Hoivakoti","description":"","publisher":{"@id":"https:\/\/pahkinalehdonhoivakoti.fi\/sv\/#organization"},"potentialAction":[{"@type":"SearchAction","target":{"@type":"EntryPoint","urlTemplate":"https:\/\/pahkinalehdonhoivakoti.fi\/sv\/?s={search_term_string}"},"query-input":{"@type":"PropertyValueSpecification","valueRequired":true,"valueName":"search_term_string"}}],"inLanguage":"sv-SE"},{"@type":"Organization","@id":"https:\/\/pahkinalehdonhoivakoti.fi\/sv\/#organization","name":"P&auml;hkin&auml;lehdon Hoivakoti","url":"https:\/\/pahkinalehdonhoivakoti.fi\/sv\/","logo":{"@type":"ImageObject","inLanguage":"sv-SE","@id":"https:\/\/pahkinalehdonhoivakoti.fi\/sv\/#\/schema\/logo\/image\/","url":"https:\/\/pahkinalehdonhoivakoti.fi\/wp-content\/uploads\/logo.png","contentUrl":"https:\/\/pahkinalehdonhoivakoti.fi\/wp-content\/uploads\/logo.png","width":600,"height":364,"caption":"P&auml;hkin&auml;lehdon Hoivakoti"},"image":{"@id":"https:\/\/pahkinalehdonhoivakoti.fi\/sv\/#\/schema\/logo\/image\/"}}]}},"_links":{"self":[{"href":"https:\/\/pahkinalehdonhoivakoti.fi\/sv\/wp-json\/wp\/v2\/pages\/419","targetHints":{"allow":["GET"]}}],"collection":[{"href":"https:\/\/pahkinalehdonhoivakoti.fi\/sv\/wp-json\/wp\/v2\/pages"}],"about":[{"href":"https:\/\/pahkinalehdonhoivakoti.fi\/sv\/wp-json\/wp\/v2\/types\/page"}],"author":[{"embeddable":true,"href":"https:\/\/pahkinalehdonhoivakoti.fi\/sv\/wp-json\/wp\/v2\/users\/1"}],"replies":[{"embeddable":true,"href":"https:\/\/pahkinalehdonhoivakoti.fi\/sv\/wp-json\/wp\/v2\/comments?post=419"}],"version-history":[{"count":13,"href":"https:\/\/pahkinalehdonhoivakoti.fi\/sv\/wp-json\/wp\/v2\/pages\/419\/revisions"}],"predecessor-version":[{"id":2349,"href":"https:\/\/pahkinalehdonhoivakoti.fi\/sv\/wp-json\/wp\/v2\/pages\/419\/revisions\/2349"}],"wp:attachment":[{"href":"https:\/\/pahkinalehdonhoivakoti.fi\/sv\/wp-json\/wp\/v2\/media?parent=419"}],"curies":[{"name":"wp","href":"https:\/\/api.w.org\/{rel}","templated":true}]}}